{"id":11,"date":"2024-02-10T15:06:47","date_gmt":"2024-02-10T15:06:47","guid":{"rendered":"http:\/\/www.websitecini.com\/glxyaprt\/?page_id=10"},"modified":"2024-03-23T13:52:10","modified_gmt":"2024-03-23T13:52:10","slug":"home","status":"publish","type":"page","link":"https:\/\/galaxyhotelsultanahmet.com\/","title":{"rendered":"HOME"},"content":{"rendered":"<p>[et_pb_section fb_built=&#8221;1&#8243; fullwidth=&#8221;on&#8221; _builder_version=&#8221;4.21.0&#8243; _module_preset=&#8221;default&#8221; background_image=&#8221;https:\/\/galaxyhotelsultanahmet.com\/wp-content\/uploads\/2024\/02\/slideshow-3.jpg&#8221; global_colors_info=&#8221;{}&#8221;][et_pb_fullwidth_header title=&#8221;Galaxy Hotel Ho\u015fgeldiniz.&#8221; subhead=&#8221;GALAXY HOTEL SULTANAHMET&#8221; text_orientation=&#8221;center&#8221; header_fullscreen=&#8221;on&#8221; button_one_text=&#8221;Galaxy Hotel Sultanahmet&#8221; _builder_version=&#8221;4.21.0&#8243; _module_preset=&#8221;default&#8221; title_font=&#8221;|700|||||||&#8221; title_text_color=&#8221;#FFFFFF&#8221; content_font=&#8221;|700|||||||&#8221; content_text_color=&#8221;#FFFFFF&#8221; subhead_font=&#8221;|700|||||||&#8221; subhead_text_color=&#8221;#FFFFFF&#8221; background_enable_color=&#8221;off&#8221; custom_button_one=&#8221;on&#8221; button_one_text_color=&#8221;#FFFFFF&#8221; button_one_font=&#8221;|800|||||||&#8221; button_one_text_shadow_style=&#8221;preset3&#8243; box_shadow_style_button_one=&#8221;preset6&#8243; text_shadow_style=&#8221;preset1&#8243; text_shadow_blur_strength=&#8221;1.38em&#8221; text_shadow_color=&#8221;#000000&#8243; global_colors_info=&#8221;{}&#8221;]<\/p>\n<p style=\"text-align: center;\"><span>galaxyhotelsultanahmet.com 2020 y\u0131l\u0131nda hizmet vermeye ba\u015flayan Temiz ve hijyenli hotelimiz Hizmetinizde Galaxy Hotel Sultanahmet \u0130stanbul; i\u015f ve e\u011flence mekanlar\u0131na yak\u0131n konumu, \u00f6zenli hizmeti ve modern odalar\u0131 ile hem i\u015f hem de e\u011flence ama\u00e7l\u0131 konaklamalar\u0131n\u0131za konfor kat\u0131yor.<\/span><\/p>\n<p>[\/et_pb_fullwidth_header][\/et_pb_section][et_pb_section fb_built=&#8221;1&#8243; _builder_version=&#8221;4.21.0&#8243; _module_preset=&#8221;default&#8221; global_colors_info=&#8221;{}&#8221;][et_pb_row _builder_version=&#8221;4.21.0&#8243; _module_preset=&#8221;default&#8221; global_colors_info=&#8221;{}&#8221;][et_pb_column type=&#8221;4_4&#8243; _builder_version=&#8221;4.21.0&#8243; _module_preset=&#8221;default&#8221; global_colors_info=&#8221;{}&#8221;][et_pb_text _builder_version=&#8221;4.21.0&#8243; _module_preset=&#8221;default&#8221; global_colors_info=&#8221;{}&#8221;]<\/p>\n<h1 style=\"text-align: center;\"><strong>ODALARIMIZ<\/strong><\/h1>\n<p>[\/et_pb_text][\/et_pb_column][\/et_pb_row][et_pb_row _builder_version=&#8221;4.17.4&#8243; _module_preset=&#8221;default&#8221; width=&#8221;100%&#8221; module_alignment=&#8221;center&#8221; hover_enabled=&#8221;0&#8243; global_colors_info=&#8221;{}&#8221; sticky_enabled=&#8221;0&#8243;][et_pb_column type=&#8221;4_4&#8243; _builder_version=&#8221;4.17.4&#8243; _module_preset=&#8221;default&#8221; hover_enabled=&#8221;0&#8243; global_colors_info=&#8221;{}&#8221; sticky_enabled=&#8221;0&#8243;][et_pb_portfolio fullwidth=&#8221;off&#8221; posts_number=&#8221;4&#8243; include_categories=&#8221;all&#8221; show_categories=&#8221;off&#8221; show_pagination=&#8221;off&#8221; hover_icon=&#8221;&#xf236;||fa||900&#8243; _builder_version=&#8221;4.17.4&#8243; _module_preset=&#8221;default&#8221; text_orientation=&#8221;center&#8221; hover_enabled=&#8221;0&#8243; border_style_all=&#8221;none&#8221; border_radii_image=&#8221;on|50px|50px|50px|50px&#8221; text_shadow_style=&#8221;preset3&#8243; global_colors_info=&#8221;{}&#8221; sticky_enabled=&#8221;0&#8243; width=&#8221;100%&#8221;][\/et_pb_portfolio][\/et_pb_column][\/et_pb_row][\/et_pb_section][et_pb_section fb_built=&#8221;1&#8243; _builder_version=&#8221;4.21.0&#8243; _module_preset=&#8221;default&#8221; global_colors_info=&#8221;{}&#8221;][et_pb_row _builder_version=&#8221;4.21.0&#8243; _module_preset=&#8221;default&#8221; global_colors_info=&#8221;{}&#8221;][et_pb_column type=&#8221;4_4&#8243; _builder_version=&#8221;4.21.0&#8243; _module_preset=&#8221;default&#8221; global_colors_info=&#8221;{}&#8221;][et_pb_text _builder_version=&#8221;4.21.0&#8243; _module_preset=&#8221;default&#8221; global_colors_info=&#8221;{}&#8221;]<\/p>\n<h2 style=\"text-align: center;\"><strong>EN \u0130Y\u0130 DE\u011eERLER<\/strong><\/h2>\n<p>[\/et_pb_text][\/et_pb_column][\/et_pb_row][et_pb_row column_structure=&#8221;1_3,1_3,1_3&#8243; _builder_version=&#8221;4.21.0&#8243; _module_preset=&#8221;default&#8221; global_colors_info=&#8221;{}&#8221;][et_pb_column type=&#8221;1_3&#8243; _builder_version=&#8221;4.21.0&#8243; _module_preset=&#8221;default&#8221; global_colors_info=&#8221;{}&#8221;][et_pb_pricing_tables _builder_version=&#8221;4.21.0&#8243; _module_preset=&#8221;default&#8221; global_colors_info=&#8221;{}&#8221;][et_pb_pricing_table title=&#8221;TEK K\u0130\u015e\u0130L\u0130K ODA&#8221; subtitle=&#8221;Per Day&#8221; currency=&#8221;\u20ac&#8221; _builder_version=&#8221;4.21.0&#8243; _module_preset=&#8221;default&#8221; global_colors_info=&#8221;{}&#8221; sticky_transition=&#8221;on&#8221;]<\/p>\n<p>+ Wifi<br \/>+ \u00c7ay Kahve<br \/>+ S\u0131cak Du\u015flar<br \/>+ Klima<br \/>+ Mutfak<br \/>+ Dolaplar<br \/>+ TV<br \/>+ \u015ea\u00e7 Kurutma Makinas\u0131<br \/>+ 7\/24 RESEPS\u0130YON<\/p>\n<p>[\/et_pb_pricing_table][\/et_pb_pricing_tables][\/et_pb_column][et_pb_column type=&#8221;1_3&#8243; _builder_version=&#8221;4.21.0&#8243; _module_preset=&#8221;default&#8221; global_colors_info=&#8221;{}&#8221;][et_pb_pricing_tables _builder_version=&#8221;4.21.0&#8243; _module_preset=&#8221;default&#8221; global_colors_info=&#8221;{}&#8221;][et_pb_pricing_table title=&#8221;\u0130K\u0130 K\u0130\u015e\u0130L\u0130K ODA&#8221; subtitle=&#8221;Per Day&#8221; currency=&#8221;\u20ac&#8221; _builder_version=&#8221;4.21.0&#8243; _module_preset=&#8221;default&#8221; global_colors_info=&#8221;{}&#8221; sticky_transition=&#8221;on&#8221;]<\/p>\n<p>+ Wifi<br \/>+ \u00c7ay Kahve<br \/>+ S\u0131cak Du\u015flar<br \/>+ Klima<br \/>+ Mutfak<br \/>+ Dolaplar<br \/>+ TV<br \/>+ \u015ea\u00e7 Kurutma Makinas\u0131<br \/>+ 7\/24 RESEPS\u0130YON<\/p>\n<p>[\/et_pb_pricing_table][\/et_pb_pricing_tables][\/et_pb_column][et_pb_column type=&#8221;1_3&#8243; _builder_version=&#8221;4.21.0&#8243; _module_preset=&#8221;default&#8221; global_colors_info=&#8221;{}&#8221;][et_pb_pricing_tables _builder_version=&#8221;4.21.0&#8243; _module_preset=&#8221;default&#8221; global_colors_info=&#8221;{}&#8221;][et_pb_pricing_table title=&#8221;S\u00dc\u0130T ODA&#8221; subtitle=&#8221;Per Day&#8221; currency=&#8221;\u20ac&#8221; _builder_version=&#8221;4.21.0&#8243; _module_preset=&#8221;default&#8221; global_colors_info=&#8221;{}&#8221; sticky_transition=&#8221;on&#8221;]<\/p>\n<p>+ Wifi<br \/>+ \u00c7ay Kahve<br \/>+ S\u0131cak Du\u015flar<br \/>+ Klima<br \/>+ Mutfak<br \/>+ Dolaplar<br \/>+ TV<br \/>+ \u015ea\u00e7 Kurutma Makinas\u0131<br \/>+ 7\/24 RESEPS\u0130YON<\/p>\n<p>[\/et_pb_pricing_table][\/et_pb_pricing_tables][\/et_pb_column][\/et_pb_row][\/et_pb_section][et_pb_section fb_built=&#8221;1&#8243; fullwidth=&#8221;on&#8221; _builder_version=&#8221;4.21.0&#8243; _module_preset=&#8221;default&#8221; background_image=&#8221;https:\/\/galaxyhotelsultanahmet.com\/wp-content\/uploads\/2024\/02\/image_about_2_bg.jpg&#8221; global_colors_info=&#8221;{}&#8221;][et_pb_fullwidth_header background_overlay_color=&#8221;RGBA(255,255,255,0)&#8221; _builder_version=&#8221;4.21.0&#8243; _module_preset=&#8221;default&#8221; title_font=&#8221;|800|||||||&#8221; title_text_color=&#8221;#000000&#8243; content_font=&#8221;|800|||||||&#8221; content_text_color=&#8221;#000000&#8243; subhead_font=&#8221;|800|||||||&#8221; subhead_text_color=&#8221;#000000&#8243; background_enable_color=&#8221;off&#8221; background_pattern_repeat=&#8221;space&#8221; title_text_shadow_style=&#8221;preset3&#8243; text_shadow_style=&#8221;preset5&#8243; text_shadow_color=&#8221;#000000&#8243; global_colors_info=&#8221;{}&#8221;]<\/p>\n<div class=\"desc\">\n<h3 class=\"title\" style=\"text-align: center;\"><span style=\"color: #ffffff;\"><img loading=\"lazy\" decoding=\"async\" src=\"https:\/\/galaxyhotelsultanahmet.com\/wp-content\/uploads\/2024\/02\/icon-about.png\" width=\"75\" height=\"100\" alt=\"\" class=\"wp-image-47 alignnone size-full\" \/><\/span><\/h3>\n<h2 class=\"title\" style=\"text-align: center;\"><span style=\"color: #ffffff;\"><strong>Online rezervasyon servisimiz i\u00e7in<\/strong><\/span><\/h2>\n<p style=\"text-align: center;\"><span style=\"color: #ffffff;\">Bizi +90 544 606 87 07 Numaral\u0131 Telefondan Aray\u0131n veya<\/span><br \/><span style=\"color: #ffffff;\">info@galaxyhotelsultanahmet.com<\/span><br \/><span style=\"color: #ffffff;\">Adresine E-posta G\u00f6nderin.<\/span><\/p>\n<\/div>\n<p>[\/et_pb_fullwidth_header][\/et_pb_section]<\/p>\n","protected":false},"excerpt":{"rendered":"<p>galaxyhotelsultanahmet.com 2020 y\u0131l\u0131nda hizmet vermeye ba\u015flayan Temiz ve hijyenli hotelimiz Hizmetinizde Galaxy Hotel Sultanahmet \u0130stanbul; i\u015f ve e\u011flence mekanlar\u0131na yak\u0131n konumu, \u00f6zenli hizmeti ve modern odalar\u0131 ile hem i\u015f hem de e\u011flence ama\u00e7l\u0131 konaklamalar\u0131n\u0131za konfor kat\u0131yor.ODALARIMIZEN \u0130Y\u0130 DE\u011eERLER+ Wifi+ \u00c7ay Kahve+ S\u0131cak Du\u015flar+ Klima+ Mutfak+ Dolaplar+ TV+ \u015ea\u00e7 Kurutma Makinas\u0131+ 7\/24 RESEPS\u0130YON+ Wifi+ \u00c7ay Kahve+ [&hellip;]<\/p>\n","protected":false},"author":1,"featured_media":0,"parent":0,"menu_order":0,"comment_status":"closed","ping_status":"closed","template":"","meta":{"_et_pb_use_builder":"on","_et_pb_old_content":"","_et_gb_content_width":"","footnotes":"","_joinchat":[]},"_links":{"self":[{"href":"https:\/\/galaxyhotelsultanahmet.com\/index.php?rest_route=\/wp\/v2\/pages\/11"}],"collection":[{"href":"https:\/\/galaxyhotelsultanahmet.com\/index.php?rest_route=\/wp\/v2\/pages"}],"about":[{"href":"https:\/\/galaxyhotelsultanahmet.com\/index.php?rest_route=\/wp\/v2\/types\/page"}],"author":[{"embeddable":true,"href":"https:\/\/galaxyhotelsultanahmet.com\/index.php?rest_route=\/wp\/v2\/users\/1"}],"replies":[{"embeddable":true,"href":"https:\/\/galaxyhotelsultanahmet.com\/index.php?rest_route=%2Fwp%2Fv2%2Fcomments&post=11"}],"version-history":[{"count":1,"href":"https:\/\/galaxyhotelsultanahmet.com\/index.php?rest_route=\/wp\/v2\/pages\/11\/revisions"}],"predecessor-version":[{"id":142,"href":"https:\/\/galaxyhotelsultanahmet.com\/index.php?rest_route=\/wp\/v2\/pages\/11\/revisions\/142"}],"wp:attachment":[{"href":"https:\/\/galaxyhotelsultanahmet.com\/index.php?rest_route=%2Fwp%2Fv2%2Fmedia&parent=11"}],"curies":[{"name":"wp","href":"https:\/\/api.w.org\/{rel}","templated":true}]}}