{"id":27,"date":"2024-02-13T11:56:33","date_gmt":"2024-02-13T11:56:33","guid":{"rendered":"http:\/\/www.websitecini.com\/glxyaprt\/?page_id=27"},"modified":"2024-02-13T11:56:33","modified_gmt":"2024-02-13T11:56:33","slug":"hakkimizda","status":"publish","type":"page","link":"https:\/\/galaxyhotelsultanahmet.com\/?page_id=27","title":{"rendered":"HAKKIMIZDA"},"content":{"rendered":"<p>[et_pb_section fb_built=&#8221;1&#8243; fullwidth=&#8221;on&#8221; _builder_version=&#8221;4.21.0&#8243; _module_preset=&#8221;default&#8221; global_colors_info=&#8221;{}&#8221;][et_pb_fullwidth_header title=&#8221;Galaxy Hotel Sultanahmet&#8221; _builder_version=&#8221;4.21.0&#8243; _module_preset=&#8221;default&#8221; background_image=&#8221;https:\/\/galaxyhotelsultanahmet.com\/wp-content\/uploads\/2024\/02\/image_about_2_bg.jpg&#8221; min_height=&#8221;300px&#8221; hover_enabled=&#8221;0&#8243; global_colors_info=&#8221;{}&#8221; subhead=&#8221;Do\u011fru zamanda, bir \u015fey yapmak&#8221; sticky_enabled=&#8221;0&#8243;][\/et_pb_fullwidth_header][\/et_pb_section][et_pb_section fb_built=&#8221;1&#8243; _builder_version=&#8221;4.21.0&#8243; _module_preset=&#8221;default&#8221; module_alignment=&#8221;center&#8221; global_colors_info=&#8221;{}&#8221;][et_pb_row _builder_version=&#8221;4.21.0&#8243; _module_preset=&#8221;default&#8221; width=&#8221;100%&#8221; module_alignment=&#8221;center&#8221; global_colors_info=&#8221;{}&#8221;][et_pb_column type=&#8221;4_4&#8243; _builder_version=&#8221;4.21.0&#8243; _module_preset=&#8221;default&#8221; global_colors_info=&#8221;{}&#8221;][et_pb_text _builder_version=&#8221;4.21.0&#8243; _module_preset=&#8221;default&#8221; global_colors_info=&#8221;{}&#8221;]<\/p>\n<section class=\"elementor-section elementor-top-section elementor-element elementor-element-77ab81e elementor-section-boxed elementor-section-height-default elementor-section-height-default\" data-id=\"77ab81e\" data-element_type=\"section\" data-settings=\"{&quot;background_background&quot;:&quot;classic&quot;}\">\n<div class=\"elementor-container elementor-column-gap-default\" style=\"text-align: center;\">\n<div class=\"elementor-row\">\n<div class=\"elementor-column elementor-col-100 elementor-top-column elementor-element elementor-element-e001978\" data-id=\"e001978\" data-element_type=\"column\">\n<div class=\"elementor-column-wrap elementor-element-populated\">\n<div class=\"elementor-widget-wrap\">\n<div class=\"elementor-element elementor-element-90aed16 elementor-widget elementor-widget-heading\" data-id=\"90aed16\" data-element_type=\"widget\" data-widget_type=\"heading.default\">\n<div class=\"elementor-widget-container\"><\/div>\n<\/div>\n<\/div>\n<\/div>\n<\/div>\n<\/div>\n<\/div>\n<\/section>\n<section class=\"elementor-section elementor-top-section elementor-element elementor-element-35c2fe1 elementor-section-boxed elementor-section-height-default elementor-section-height-default\" data-id=\"35c2fe1\" data-element_type=\"section\">\n<div class=\"elementor-container elementor-column-gap-default\" style=\"text-align: left;\">\n<div class=\"elementor-row\">\n<div class=\"elementor-column elementor-col-100 elementor-top-column elementor-element elementor-element-c0830b3\" data-id=\"c0830b3\" data-element_type=\"column\">\n<div class=\"elementor-column-wrap elementor-element-populated\">\n<div class=\"elementor-widget-wrap\">\n<div class=\"elementor-element elementor-element-7e32333 elementor-widget elementor-widget-ova_about_column\" data-id=\"7e32333\" data-element_type=\"widget\" data-widget_type=\"ova_about_column.default\">\n<div class=\"elementor-widget-container\">\n<div class=\"ova-about-column\">\n<div class=\"wp-about-column about_version_1\">\n<div class=\"content \">\n<h3 class=\"title second_font\" style=\"text-align: left;\"><a href=\"https:\/\/web.archive.org\/web\/20220128205326\/https:\/\/galaxyhotelsultanahmet.com\/hakkimizda\/\">HAKKIMIZDA<\/a><\/h3>\n<p class=\"desc\">\u0130stanbul&#8217;un en iyi Hoteli olarak bilinen GalaxyHotelSultanahmet , kendi eviniz gibi rahat olman\u0131z i\u00e7in en uygun ortam\u0131 yarat\u0131r.Galaxyhotelsultanahmet bir\u00e7ok yerden daha temizdir ve hijyen kurallar\u0131na uygundur.Sa\u011fl\u0131\u011f\u0131n\u0131z bizim i\u00e7in daha \u00f6nemlidir.<\/p>\n<p class=\"desc\">\n<\/div>\n<\/div>\n<\/div>\n<\/div>\n<\/div>\n<div class=\"elementor-element elementor-element-eb8c1db elementor-widget elementor-widget-ova_about_column\" data-id=\"eb8c1db\" data-element_type=\"widget\" data-widget_type=\"ova_about_column.default\">\n<div class=\"elementor-widget-container\">\n<div class=\"ova-about-column\">\n<div class=\"wp-about-column about_version_1\">\n<div class=\"icon\"><i class=\"flaticon-mountain\"><\/i><\/div>\n<div class=\"content \">\n<h3 class=\"title second_font\"><a href=\"https:\/\/web.archive.org\/web\/20220128205326\/https:\/\/galaxyhotelsultanahmet.com\/hakkimizda\/\">iSTANBUL \u015eEH\u0130R TURU<\/a><\/h3>\n<p class=\"desc\">istanbul Sultan ahmet B\u00f6lgesi ve civar\u0131 tarihi mekanlar gezmenin tam zaman\u0131<\/p>\n<p class=\"desc\">\n<\/div>\n<\/div>\n<\/div>\n<\/div>\n<\/div>\n<div class=\"elementor-element elementor-element-b2e014f elementor-widget elementor-widget-ova_about_column\" data-id=\"b2e014f\" data-element_type=\"widget\" data-widget_type=\"ova_about_column.default\">\n<div class=\"elementor-widget-container\">\n<div class=\"ova-about-column\">\n<div class=\"wp-about-column about_version_1\">\n<div class=\"icon\"><i class=\"flaticon-dinner\"><\/i><\/div>\n<div class=\"content \">\n<h3 class=\"title second_font\"><a href=\"https:\/\/web.archive.org\/web\/20220128205326\/https:\/\/galaxyhotelsultanahmet.com\/hakkimizda\/\">TAR\u0130H\u0130 MEKANLAR<\/a><\/h3>\n<p class=\"desc\">Sizlere bir ad\u0131m yak\u0131n olan tarihi Restaurantlar AyaSofya Sultan ahmet Cami Topkap\u0131 Saray\u0131 ve bir \u00e7ok Tarihi yerler.<\/p>\n<\/div>\n<\/div>\n<\/div>\n<\/div>\n<\/div>\n<\/div>\n<\/div>\n<\/div>\n<\/div>\n<\/div>\n<\/section>\n<p>[\/et_pb_text][\/et_pb_column][\/et_pb_row][\/et_pb_section]<\/p>\n","protected":false},"excerpt":{"rendered":"<p>HAKKIMIZDA \u0130stanbul&#8217;un en iyi Hoteli olarak bilinen GalaxyHotelSultanahmet , kendi eviniz gibi rahat olman\u0131z i\u00e7in en uygun ortam\u0131 yarat\u0131r.Galaxyhotelsultanahmet bir\u00e7ok yerden daha temizdir ve hijyen kurallar\u0131na uygundur.Sa\u011fl\u0131\u011f\u0131n\u0131z bizim i\u00e7in daha \u00f6nemlidir. iSTANBUL \u015eEH\u0130R TURU istanbul Sultan ahmet B\u00f6lgesi ve civar\u0131 tarihi mekanlar gezmenin tam zaman\u0131 TAR\u0130H\u0130 MEKANLAR Sizlere bir ad\u0131m yak\u0131n olan tarihi Restaurantlar AyaSofya [&hellip;]<\/p>\n","protected":false},"author":1,"featured_media":0,"parent":0,"menu_order":0,"comment_status":"closed","ping_status":"closed","template":"","meta":{"_et_pb_use_builder":"on","_et_pb_old_content":"","_et_gb_content_width":"","footnotes":"","_joinchat":[]},"_links":{"self":[{"href":"https:\/\/galaxyhotelsultanahmet.com\/index.php?rest_route=\/wp\/v2\/pages\/27"}],"collection":[{"href":"https:\/\/galaxyhotelsultanahmet.com\/index.php?rest_route=\/wp\/v2\/pages"}],"about":[{"href":"https:\/\/galaxyhotelsultanahmet.com\/index.php?rest_route=\/wp\/v2\/types\/page"}],"author":[{"embeddable":true,"href":"https:\/\/galaxyhotelsultanahmet.com\/index.php?rest_route=\/wp\/v2\/users\/1"}],"replies":[{"embeddable":true,"href":"https:\/\/galaxyhotelsultanahmet.com\/index.php?rest_route=%2Fwp%2Fv2%2Fcomments&post=27"}],"version-history":[{"count":0,"href":"https:\/\/galaxyhotelsultanahmet.com\/index.php?rest_route=\/wp\/v2\/pages\/27\/revisions"}],"wp:attachment":[{"href":"https:\/\/galaxyhotelsultanahmet.com\/index.php?rest_route=%2Fwp%2Fv2%2Fmedia&parent=27"}],"curies":[{"name":"wp","href":"https:\/\/api.w.org\/{rel}","templated":true}]}}