{"id":52,"date":"2024-02-13T14:51:03","date_gmt":"2024-02-13T14:51:03","guid":{"rendered":"http:\/\/www.websitecini.com\/glxyaprt\/?page_id=52"},"modified":"2024-02-13T14:51:03","modified_gmt":"2024-02-13T14:51:03","slug":"surdurebilirlik","status":"publish","type":"page","link":"https:\/\/galaxyhotelsultanahmet.com\/?page_id=52","title":{"rendered":"S\u00dcRD\u00dcREB\u0130L\u0130RL\u0130K"},"content":{"rendered":"<p>[et_pb_section fb_built=&#8221;1&#8243; theme_builder_area=&#8221;post_content&#8221; _builder_version=&#8221;4.21.0&#8243; _module_preset=&#8221;default&#8221;][et_pb_row _builder_version=&#8221;4.21.0&#8243; _module_preset=&#8221;default&#8221; theme_builder_area=&#8221;post_content&#8221;][et_pb_column _builder_version=&#8221;4.21.0&#8243; _module_preset=&#8221;default&#8221; type=&#8221;4_4&#8243; theme_builder_area=&#8221;post_content&#8221;][et_pb_text _builder_version=&#8221;4.21.0&#8243; _module_preset=&#8221;default&#8221; theme_builder_area=&#8221;post_content&#8221; hover_enabled=&#8221;0&#8243; sticky_enabled=&#8221;0&#8243;]<\/p>\n<h1 style=\"text-align: justify;\"><strong>S\u00fcrd\u00fcr\u00fclebilirlik Politikam\u0131z<\/strong><\/h1>\n<p class=\"has-text-align-left\" style=\"text-align: justify;\"><strong>Yerel Ekonomiye destek ve s\u00fcrd\u00fcr\u00fclebilirlik<\/strong><br \/>Yerel\/b\u00f6lgesel kalk\u0131nma ve istihdam\u0131 destekliyoruz.<br \/><strong>Personel Kat\u0131l\u0131m\u0131<\/strong><br \/>\u00c7al\u0131\u015fanlar\u0131m\u0131za d\u00fczenli e\u011fitimler vererek geli\u015fim ve ilerleme f\u0131rsat\u0131<br \/>sunuyoruz.<br \/>\u00c7al\u0131\u015fanlar\u0131m\u0131za sa\u011fl\u0131kl\u0131, g\u00fcvenli \u00e7al\u0131\u015fma ortam\u0131 sunuyor, istek, \u00f6neri ve<br \/>\u015fikayetlerini iletebilecekleri \u00e7e\u015fitli imkanlar sunuyoruz. \u00c7al\u0131\u015fanlar\u0131m\u0131zdan<br \/>gelen geri bildirimleri de\u011ferlendirerek y\u00f6netim sistemlerimizin geli\u015fimine<br \/>katk\u0131 sa\u011fl\u0131yoruz.<br \/>\u0130\u015f sa\u011fl\u0131\u011f\u0131 ve g\u00fcvenli\u011fini kurumsal k\u00fclt\u00fcr haline getirmek istiyoruz.<br \/><strong>Payda\u015flar ve \u0130leti\u015fim<\/strong><br \/>Politikam\u0131z\u0131 i\u015fletirken ilgili taraflar\u0131m\u0131z\u0131n kat\u0131l\u0131m\u0131na \u00f6nem veriyor,<br \/>gerekti\u011finde \u015feffaf bilgi sunuyoruz.<br \/>Yerel\/B\u00f6lgenin do\u011fal ve k\u00fclt\u00fcrel miras\u0131n\u0131n ilgili misafirlerimizi ve<br \/>\u00e7al\u0131\u015fanlar\u0131m\u0131z\u0131 bilgilendiriyoruz,<br \/>Misafirlerimizin t\u00fcm geri bildirimlerini de\u011ferlendiriyoruz. Elde etti\u011fimiz veriler<br \/>do\u011frultusunda s\u00fcre\u00e7lerimizi iyile\u015ftiriyoruz.<br \/><strong>Engelli Bireylere Uygunluk<\/strong><br \/>Engelliye uygun bir odam\u0131z yoktur.<br \/><strong>\u00c7evreye Sayg\u0131 Ve Do\u011fal Ya\u015fam\u0131 Koruma<\/strong><br \/>\u00c7evresel S\u00fcrd\u00fcr\u00fclebilirlik Politikas\u0131 \u00e7er\u00e7evesinde hareket ediyoruz. At\u0131k<br \/>suyun \u00e7evreye zarar\u0131n\u0131 en aza indirgeme \u00e7abas\u0131 i\u00e7erisindeyiz.<\/p>\n<p class=\"has-text-align-left\" style=\"text-align: justify;\"><strong>K\u00fclt\u00fcrel S\u00fcrd\u00fcr\u00fclebilirlik<\/strong><br \/>Tarihi, arkeolojik, k\u00fclt\u00fcrel ve manevi \u00f6neme sahip yerel\/b\u00f6lgesel m\u00fclklerin,<br \/>alanlar\u0131n ve geleneklerin korunmas\u0131na ve geli\u015fmesine katk\u0131 sa\u011fl\u0131yoruz.<br \/><strong>\u00c7evreye duyarl\u0131 sat\u0131n alma<\/strong><br \/>\u00dcr\u00fcn\/hizmet al\u0131mlar\u0131nda niteli\u011fi ve kalitesini kullan\u0131c\u0131larla de\u011ferlendiriyor ve<br \/>analiz ediyoruz. Tedarik\u00e7i se\u00e7iminde adil, d\u00fcr\u00fcst ve tarafs\u0131z davran\u0131yoruz.<br \/><strong>Yasal Uyum<\/strong><br \/>\u0130nsan haklar\u0131na sayg\u0131 duyuyor; dil, din, \u0131rk, cinsiyet vb. her t\u00fcrl\u00fc ayr\u0131mc\u0131l\u0131\u011f\u0131<br \/>reddediyoruz<br \/>T\u00fcm s\u00fcre\u00e7lerimizi temel de\u011ferlerimize ba\u011fl\u0131 kalarak, uymakla y\u00fck\u00fcml\u00fc<br \/>oldu\u011fumuz yasal ve di\u011fer \u015fartlara uyum anlay\u0131\u015f\u0131 ile s\u00fcrekli geli\u015ftiriyoruz.<br \/><strong>Enerji Tasarrufu<\/strong><br \/>Otelimizin enerji tasarrufu politikas\u0131 bulunmaktad\u0131r. Kullan\u0131lan toplam<br \/>enerji t\u00fcr\u00fcne g\u00f6re gruplanmaktad\u0131r.<br \/><strong>Su Tasarrufu<\/strong><br \/>Otelimizin su tasarrufu politikas\u0131 bulunmaktad\u0131r. Su t\u00fcketimini \u00f6l\u00e7mekte<br \/>misafir ve geceleme ba\u015f\u0131na kullan\u0131lan su raporlanmaktad\u0131r.<\/p>\n<p>[\/et_pb_text][\/et_pb_column][\/et_pb_row][\/et_pb_section]<\/p>\n","protected":false},"excerpt":{"rendered":"<p>S\u00fcrd\u00fcr\u00fclebilirlik Politikam\u0131z Yerel Ekonomiye destek ve s\u00fcrd\u00fcr\u00fclebilirlikYerel\/b\u00f6lgesel kalk\u0131nma ve istihdam\u0131 destekliyoruz.Personel Kat\u0131l\u0131m\u0131\u00c7al\u0131\u015fanlar\u0131m\u0131za d\u00fczenli e\u011fitimler vererek geli\u015fim ve ilerleme f\u0131rsat\u0131sunuyoruz.\u00c7al\u0131\u015fanlar\u0131m\u0131za sa\u011fl\u0131kl\u0131, g\u00fcvenli \u00e7al\u0131\u015fma ortam\u0131 sunuyor, istek, \u00f6neri ve\u015fikayetlerini iletebilecekleri \u00e7e\u015fitli imkanlar sunuyoruz. \u00c7al\u0131\u015fanlar\u0131m\u0131zdangelen geri bildirimleri de\u011ferlendirerek y\u00f6netim sistemlerimizin geli\u015fiminekatk\u0131 sa\u011fl\u0131yoruz.\u0130\u015f sa\u011fl\u0131\u011f\u0131 ve g\u00fcvenli\u011fini kurumsal k\u00fclt\u00fcr haline getirmek istiyoruz.Payda\u015flar ve \u0130leti\u015fimPolitikam\u0131z\u0131 i\u015fletirken ilgili taraflar\u0131m\u0131z\u0131n kat\u0131l\u0131m\u0131na \u00f6nem veriyor,gerekti\u011finde [&hellip;]<\/p>\n","protected":false},"author":1,"featured_media":0,"parent":0,"menu_order":0,"comment_status":"closed","ping_status":"closed","template":"","meta":{"_et_pb_use_builder":"on","_et_pb_old_content":"","_et_gb_content_width":"","footnotes":"","_joinchat":[]},"_links":{"self":[{"href":"https:\/\/galaxyhotelsultanahmet.com\/index.php?rest_route=\/wp\/v2\/pages\/52"}],"collection":[{"href":"https:\/\/galaxyhotelsultanahmet.com\/index.php?rest_route=\/wp\/v2\/pages"}],"about":[{"href":"https:\/\/galaxyhotelsultanahmet.com\/index.php?rest_route=\/wp\/v2\/types\/page"}],"author":[{"embeddable":true,"href":"https:\/\/galaxyhotelsultanahmet.com\/index.php?rest_route=\/wp\/v2\/users\/1"}],"replies":[{"embeddable":true,"href":"https:\/\/galaxyhotelsultanahmet.com\/index.php?rest_route=%2Fwp%2Fv2%2Fcomments&post=52"}],"version-history":[{"count":0,"href":"https:\/\/galaxyhotelsultanahmet.com\/index.php?rest_route=\/wp\/v2\/pages\/52\/revisions"}],"wp:attachment":[{"href":"https:\/\/galaxyhotelsultanahmet.com\/index.php?rest_route=%2Fwp%2Fv2%2Fmedia&parent=52"}],"curies":[{"name":"wp","href":"https:\/\/api.w.org\/{rel}","templated":true}]}}